{"id":40,"date":"2016-12-11T22:19:58","date_gmt":"2016-12-11T21:19:58","guid":{"rendered":"http:\/\/treibsand-film.de\/en\/?page_id=40"},"modified":"2025-04-22T16:25:42","modified_gmt":"2025-04-22T14:25:42","slug":"imprint","status":"publish","type":"page","link":"https:\/\/treibsand-film.de\/en\/imprint\/","title":{"rendered":"Imprint"},"content":{"rendered":"<h1>Imprint<\/h1>\n<div class=\"divider\"><\/div>\n<h2>Kontakt<\/h2>\n<div class=\"two-columns-one\">\n<p><strong>Kim M\u00fcnster<\/strong><br \/>\nWuppertal<br \/>\n<em>wir (at) treibsand-film.de<\/em><\/p>\n<\/div>\n<div class=\"two-columns-one last\">\n<p><strong>Steuernummer:<\/strong><br \/>\n132\/5794\/0516<\/p>\n<\/div>\n<div class=\"divider\"><\/div>\n<p><strong>Dieses Impressum gilt auch f\u00fcr die <a href=\"https:\/\/www.facebook.com\/treibsandfilm\/\" target=\"_blank\" rel=\"noopener noreferrer\">Facebook-Fanpage von Treibsand Film<\/a>.<\/strong><\/p>\n<div class=\"divider\"><\/div>\n<h3>Kolophon<\/h3>\n<p>Dieser Internetauftritt wurde realisiert von <strong>Konstantin Koewius<\/strong> und <a href=\"http:\/\/www.martin-wosnitza.de\" target=\"_blank\" rel=\"noopener noreferrer\"><strong>Martin Wosnitza<\/strong><\/a>.<\/p>\n<p><strong>WordPress CMS<\/strong><br \/>\nWordPress ist ein Weblog Publishing System (auch CMS), das vorwiegend bei der Erstellung von h\u00e4ufig zu aktualisierenden Websites, im Besonderen von Weblogs, eingesetzt wird. Es basiert auf der Skriptsprache PHP und ben\u00f6tigt eine MySQL-Datenbank. WordPress ist Freie Software, die unter der <a href=\"http:\/\/www.gnu.org\/licenses\/gpl-3.0.html\" target=\"_blank\" rel=\"noopener noreferrer\">GNU General Public License<\/a> lizenziert wurde. (Quelle: <a href=\"http:\/\/de.wikipedia.org\/wiki\/WordPress\" target=\"_blank\" rel=\"noopener noreferrer\">Wikipedia<\/a>)<\/p>\n<p><strong>Design<\/strong><br \/>\nDas Design dieser Internetseite basiert auf Meola von Elmastudio.<\/p>\n<h3>Nutzungsrechte<\/h3>\n<p>Alle Texte, alle Fotos, alle Gestaltungselemente dieser Website sind \u2013 sofern nicht ein anderes Copyright angegeben ist \u2013 f\u00fcr den Herausgeber urheberrechtlich gesch\u00fctzt. Jede Verwertung au\u00dferhalb der engen Grenzen des Urheberrechtsgesetzes ist ohne schriftliche Zustimmung des Herausgebers nicht gestattet. Alle Rechte vorbehalten.<\/p>\n<h3 id=\"matomo\">Matomo \/ statistische Auswertung<\/h3>\n<p>Diese Website benutzt <a href=\"http:\/\/piwik.org\/\" target=\"_blank\" rel=\"noopener noreferrer\">Piwik<\/a>, eine Open-Source-Software zur statistischen Auswertung der Besucherzugriffe. Piwik verwendet sog. \u201cCookies\u201d, Textdateien, die auf Ihrem Computer gespeichert werden und die eine Analyse der Benutzung der Website durch Sie erm\u00f6glichen. Die durch den Cookie erzeugten Informationen \u00fcber Ihre Benutzung dieses Internetangebotes werden auf dem Server des Anbieters in Deutschland gespeichert. Die IP-Adresse wird sofort nach der Verarbeitung und vor deren Speicherung anonymisiert. Sie k\u00f6nnen die Installation der Cookies durch eine entsprechende Einstellung Ihrer Browser-Software verhindern; wir weisen Sie jedoch darauf hin, dass Sie in diesem Fall gegebenenfalls nicht s\u00e4mtliche Funktionen dieser Website vollumf\u00e4nglich nutzen k\u00f6nnen.<\/p>\n<div class=\"white-box\">\n<iframe style=\"border: 0; height: 200px; width: 100%; max-width: 1200px;\" src=\"https:\/\/piwik.martin-wosnitza.de\/index.php?module=CoreAdminHome&amp;action=optOut&amp;language=de&amp;backgroundColor=&amp;fontColor=&amp;fontSize=&amp;fontFamily=\"><\/iframe><br \/>\n<\/div>\n<h3>Hinweis gem\u00e4\u00df Telemediengesetz<\/h3>\n<p>F\u00fcr Internetseiten Dritter, auf die der Herausgeber durch sogenannte Links verweist, tragen die jeweiligen Anbieter die Verantwortung. Die Herausgeber ist f\u00fcr den Inhalt solcher Seiten Dritter nicht verantwortlich. Des weiteren kann die Web-Seite des Herausgebers ohne dessen Wissen von anderen Seiten mittels sogenannter Links angelinkt werden. Der Herausgeber \u00fcbernimmt keine Verantwortung f\u00fcr Darstellungen, Inhalt oder irgendeine Verbindung zur Parteigliederung des Herausgebers in Web-Seiten Dritter. F\u00fcr fremde Inhalte ist der Herausgeber nur dann verantwortlich, wenn er von ihnen (d.h. auch von einem rechtswidrigen oder strafbaren Inhalt) positive Kenntnis hat und es dem Herausgeber technisch m\u00f6glich und zumutbar ist, deren Nutzung zu verhindern. Der Herausgeber ist nach dem Teledienstgesetz jedoch nicht verpflichtet, die fremden Inhalte st\u00e4ndig zu \u00fcberpr\u00fcfen.<\/p>\n<h3>Rechtswirksamkeit<\/h3>\n<p>Sofern Teile oder einzelne Formulierungen dieses Textes der geltenden Rechtslage nicht, nicht mehr oder nicht vollst\u00e4ndig entsprechen sollten, bleiben die \u00fcbrigen Teile des Dokumentes in ihrem Inhalt und ihrer G\u00fcltigkeit davon unber\u00fchrt.<\/p>\n","protected":false},"excerpt":{"rendered":"<p>Imprint Kontakt Dieses Impressum gilt auch f\u00fcr die Facebook-Fanpage von Treibsand Film. Kolophon Dieser Internetauftritt wurde realisiert von Konstantin Koewius und Martin Wosnitza. WordPress CMS WordPress ist ein Weblog Publishing System (auch CMS), das vorwiegend &hellip; <a href=\"https:\/\/treibsand-film.de\/en\/imprint\/\">Weiterlesen &rarr;<\/a><\/p>\n","protected":false},"author":1,"featured_media":0,"parent":0,"menu_order":6,"comment_status":"closed","ping_status":"closed","template":"fullwidth.php","meta":{"ngg_post_thumbnail":0,"footnotes":""},"class_list":["post-40","page","type-page","status-publish","hentry"],"yoast_head":"<!-- This site is optimized with the Yoast SEO plugin v27.6 - https:\/\/yoast.com\/product\/yoast-seo-wordpress\/ -->\n<title>Imprint - Treibsand (EN)<\/title>\n<meta name=\"robots\" content=\"index, follow, max-snippet:-1, max-image-preview:large, max-video-preview:-1\" \/>\n<link rel=\"canonical\" href=\"https:\/\/treibsand-film.de\/en\/imprint\/\" \/>\n<meta property=\"og:locale\" content=\"de_DE\" \/>\n<meta property=\"og:type\" content=\"article\" \/>\n<meta property=\"og:title\" content=\"Imprint - Treibsand (EN)\" \/>\n<meta property=\"og:description\" content=\"Imprint Kontakt Dieses Impressum gilt auch f\u00fcr die Facebook-Fanpage von Treibsand Film. Kolophon Dieser Internetauftritt wurde realisiert von Konstantin Koewius und Martin Wosnitza. WordPress CMS WordPress ist ein Weblog Publishing System (auch CMS), das vorwiegend &hellip; Weiterlesen &rarr;\" \/>\n<meta property=\"og:url\" content=\"https:\/\/treibsand-film.de\/en\/imprint\/\" \/>\n<meta property=\"og:site_name\" content=\"Treibsand (EN)\" \/>\n<meta property=\"article:publisher\" content=\"https:\/\/www.facebook.com\/treibsandfilm\/\" \/>\n<meta property=\"article:modified_time\" content=\"2025-04-22T14:25:42+00:00\" \/>\n<meta name=\"twitter:card\" content=\"summary_large_image\" \/>\n<meta name=\"twitter:label1\" content=\"Gesch\u00e4tzte Lesezeit\" \/>\n\t<meta name=\"twitter:data1\" content=\"2\u00a0Minuten\" \/>\n<script type=\"application\/ld+json\" class=\"yoast-schema-graph\">{\"@context\":\"https:\\\/\\\/schema.org\",\"@graph\":[{\"@type\":\"WebPage\",\"@id\":\"https:\\\/\\\/treibsand-film.de\\\/en\\\/imprint\\\/\",\"url\":\"https:\\\/\\\/treibsand-film.de\\\/en\\\/imprint\\\/\",\"name\":\"Imprint - Treibsand (EN)\",\"isPartOf\":{\"@id\":\"https:\\\/\\\/treibsand-film.de\\\/en\\\/#website\"},\"datePublished\":\"2016-12-11T21:19:58+00:00\",\"dateModified\":\"2025-04-22T14:25:42+00:00\",\"breadcrumb\":{\"@id\":\"https:\\\/\\\/treibsand-film.de\\\/en\\\/imprint\\\/#breadcrumb\"},\"inLanguage\":\"de\",\"potentialAction\":[{\"@type\":\"ReadAction\",\"target\":[\"https:\\\/\\\/treibsand-film.de\\\/en\\\/imprint\\\/\"]}]},{\"@type\":\"BreadcrumbList\",\"@id\":\"https:\\\/\\\/treibsand-film.de\\\/en\\\/imprint\\\/#breadcrumb\",\"itemListElement\":[{\"@type\":\"ListItem\",\"position\":1,\"name\":\"Startseite\",\"item\":\"https:\\\/\\\/treibsand-film.de\\\/en\\\/\"},{\"@type\":\"ListItem\",\"position\":2,\"name\":\"Imprint\"}]},{\"@type\":\"WebSite\",\"@id\":\"https:\\\/\\\/treibsand-film.de\\\/en\\\/#website\",\"url\":\"https:\\\/\\\/treibsand-film.de\\\/en\\\/\",\"name\":\"Treibsand (EN)\",\"description\":\"Kim M\u00fcnster and Luiza Maria Budner GbR\",\"potentialAction\":[{\"@type\":\"SearchAction\",\"target\":{\"@type\":\"EntryPoint\",\"urlTemplate\":\"https:\\\/\\\/treibsand-film.de\\\/en\\\/?s={search_term_string}\"},\"query-input\":{\"@type\":\"PropertyValueSpecification\",\"valueRequired\":true,\"valueName\":\"search_term_string\"}}],\"inLanguage\":\"de\"}]}<\/script>\n<!-- \/ Yoast SEO plugin. -->","yoast_head_json":{"title":"Imprint - Treibsand (EN)","robots":{"index":"index","follow":"follow","max-snippet":"max-snippet:-1","max-image-preview":"max-image-preview:large","max-video-preview":"max-video-preview:-1"},"canonical":"https:\/\/treibsand-film.de\/en\/imprint\/","og_locale":"de_DE","og_type":"article","og_title":"Imprint - Treibsand (EN)","og_description":"Imprint Kontakt Dieses Impressum gilt auch f\u00fcr die Facebook-Fanpage von Treibsand Film. Kolophon Dieser Internetauftritt wurde realisiert von Konstantin Koewius und Martin Wosnitza. WordPress CMS WordPress ist ein Weblog Publishing System (auch CMS), das vorwiegend &hellip; Weiterlesen &rarr;","og_url":"https:\/\/treibsand-film.de\/en\/imprint\/","og_site_name":"Treibsand (EN)","article_publisher":"https:\/\/www.facebook.com\/treibsandfilm\/","article_modified_time":"2025-04-22T14:25:42+00:00","twitter_card":"summary_large_image","twitter_misc":{"Gesch\u00e4tzte Lesezeit":"2\u00a0Minuten"},"schema":{"@context":"https:\/\/schema.org","@graph":[{"@type":"WebPage","@id":"https:\/\/treibsand-film.de\/en\/imprint\/","url":"https:\/\/treibsand-film.de\/en\/imprint\/","name":"Imprint - Treibsand (EN)","isPartOf":{"@id":"https:\/\/treibsand-film.de\/en\/#website"},"datePublished":"2016-12-11T21:19:58+00:00","dateModified":"2025-04-22T14:25:42+00:00","breadcrumb":{"@id":"https:\/\/treibsand-film.de\/en\/imprint\/#breadcrumb"},"inLanguage":"de","potentialAction":[{"@type":"ReadAction","target":["https:\/\/treibsand-film.de\/en\/imprint\/"]}]},{"@type":"BreadcrumbList","@id":"https:\/\/treibsand-film.de\/en\/imprint\/#breadcrumb","itemListElement":[{"@type":"ListItem","position":1,"name":"Startseite","item":"https:\/\/treibsand-film.de\/en\/"},{"@type":"ListItem","position":2,"name":"Imprint"}]},{"@type":"WebSite","@id":"https:\/\/treibsand-film.de\/en\/#website","url":"https:\/\/treibsand-film.de\/en\/","name":"Treibsand (EN)","description":"Kim M\u00fcnster and Luiza Maria Budner GbR","potentialAction":[{"@type":"SearchAction","target":{"@type":"EntryPoint","urlTemplate":"https:\/\/treibsand-film.de\/en\/?s={search_term_string}"},"query-input":{"@type":"PropertyValueSpecification","valueRequired":true,"valueName":"search_term_string"}}],"inLanguage":"de"}]}},"_links":{"self":[{"href":"https:\/\/treibsand-film.de\/en\/wp-json\/wp\/v2\/pages\/40","targetHints":{"allow":["GET"]}}],"collection":[{"href":"https:\/\/treibsand-film.de\/en\/wp-json\/wp\/v2\/pages"}],"about":[{"href":"https:\/\/treibsand-film.de\/en\/wp-json\/wp\/v2\/types\/page"}],"author":[{"embeddable":true,"href":"https:\/\/treibsand-film.de\/en\/wp-json\/wp\/v2\/users\/1"}],"replies":[{"embeddable":true,"href":"https:\/\/treibsand-film.de\/en\/wp-json\/wp\/v2\/comments?post=40"}],"version-history":[{"count":21,"href":"https:\/\/treibsand-film.de\/en\/wp-json\/wp\/v2\/pages\/40\/revisions"}],"predecessor-version":[{"id":340,"href":"https:\/\/treibsand-film.de\/en\/wp-json\/wp\/v2\/pages\/40\/revisions\/340"}],"wp:attachment":[{"href":"https:\/\/treibsand-film.de\/en\/wp-json\/wp\/v2\/media?parent=40"}],"curies":[{"name":"wp","href":"https:\/\/api.w.org\/{rel}","templated":true}]}}